{"id":41,"date":"2025-02-03T15:20:59","date_gmt":"2025-02-03T15:20:59","guid":{"rendered":"https:\/\/dtsopleidingen.nl\/?page_id=41"},"modified":"2025-02-03T15:21:05","modified_gmt":"2025-02-03T15:21:05","slug":"over-ons","status":"publish","type":"page","link":"https:\/\/dtsopleidingen.nl\/ro\/over-ons\/","title":{"rendered":"Despre noi"},"content":{"rendered":"<p>Bine a\u021bi venit la DTS Opleidingen, sursa dumneavoastr\u0103 suprem\u0103 de inspira\u021bie \u00een mod\u0103, sfaturi de stil \u0219i cele mai recente tendin\u021be vestimentare. Site-ul nostru web este dedicat tuturor aspectelor legate de stil, de la moda sezonier\u0103 la piese atemporale. V\u0103 ajut\u0103m s\u0103 v\u0103 descoperi\u021bi \u0219i s\u0103 v\u0103 rafina\u021bi propriul stil cu sfaturi de specialitate \u0219i sfaturi practice.<\/p>\n<p><img loading=\"lazy\" decoding=\"async\" class=\"aligncenter wp-image-43 size-full\" src=\"https:\/\/dtsopleidingen.nl\/wp-content\/uploads\/2025\/02\/photo-new.jpg\" alt=\"\" width=\"612\" height=\"371\" srcset=\"https:\/\/dtsopleidingen.nl\/wp-content\/uploads\/2025\/02\/photo-new.jpg 612w, https:\/\/dtsopleidingen.nl\/wp-content\/uploads\/2025\/02\/photo-new-300x182.jpg 300w\" sizes=\"auto, (max-width: 612px) 100vw, 612px\" \/><\/p>\n<h2>Ce ve\u021bi g\u0103si la noi<\/h2>\n<ul>\n<li>Tendin\u021be \u0219i perspective asupra modei pentru fiecare sezon<\/li>\n<li>Ghiduri pentru crearea stilului vestimentar perfect<\/li>\n<li>Sfaturi practice de stilizare pentru diferite ocazii<\/li>\n<li>Sfaturi despre mod\u0103 sustenabil\u0103 \u0219i alegeri vestimentare de calitate<\/li>\n<li>Psihologia din spatele culorilor \u0219i alegerilor de stil<\/li>\n<\/ul>\n<p>Indiferent dac\u0103 e\u0219ti \u00een c\u0103utarea celor mai recente nout\u0103\u021bi \u00een materie de mod\u0103 sau pur \u0219i simplu vrei s\u0103 \u00eenve\u021bi cum s\u0103-\u021bi organizezi mai bine garderoba, DTSOpleidingen este aici pentru a te inspira \u0219i a te ghida. R\u0103m\u00e2i informat \u0219i descoper\u0103 cum s\u0103 treci prin via\u021b\u0103 cu stil \u0219i \u00eencredere!<\/p>","protected":false},"excerpt":{"rendered":"<p>Bine a\u021bi venit la DTS Opleidingen, sursa dumneavoastr\u0103 suprem\u0103 de inspira\u021bie \u00een mod\u0103, sfaturi de stil \u0219i cele mai recente tendin\u021be vestimentare. Site-ul nostru web este dedicat tuturor aspectelor legate de stil, de la moda sezonier\u0103 la piese atemporale. V\u0103 ajut\u0103m s\u0103 v\u0103 descoperi\u021bi \u0219i s\u0103 v\u0103 rafina\u021bi propriul stil cu sfaturi de specialitate \u0219i sfaturi practice. Ce ve\u021bi g\u0103si la noi [\u2026]<\/p>","protected":false},"author":1,"featured_media":0,"parent":0,"menu_order":0,"comment_status":"closed","ping_status":"closed","template":"","meta":{"_acf_changed":false,"footnotes":""},"class_list":["post-41","page","type-page","status-publish","hentry"],"acf":[],"yoast_head":"<!-- This site is optimized with the Yoast SEO plugin v23.2 - https:\/\/yoast.com\/wordpress\/plugins\/seo\/ -->\n<title>Over ons - dtsopleidingen.nl<\/title>\n<meta name=\"description\" content=\"Ontdek DTSOpleidingen, d\u00e9 bron voor mode-inspiratie, stijltips en kledingtrends. Lees onze blogs en blijf stijlvol!\" \/>\n<meta name=\"robots\" content=\"index, follow, max-snippet:-1, max-image-preview:large, max-video-preview:-1\" \/>\n<link rel=\"canonical\" href=\"https:\/\/dtsopleidingen.nl\/ro\/over-ons\/\" \/>\n<meta property=\"og:locale\" content=\"ro_RO\" \/>\n<meta property=\"og:type\" content=\"article\" \/>\n<meta property=\"og:title\" content=\"Over ons - dtsopleidingen.nl\" \/>\n<meta property=\"og:description\" content=\"Ontdek DTSOpleidingen, d\u00e9 bron voor mode-inspiratie, stijltips en kledingtrends. Lees onze blogs en blijf stijlvol!\" \/>\n<meta property=\"og:url\" content=\"https:\/\/dtsopleidingen.nl\/ro\/over-ons\/\" \/>\n<meta property=\"og:site_name\" content=\"dtsopleidingen.nl\" \/>\n<meta property=\"article:modified_time\" content=\"2025-02-03T15:21:05+00:00\" \/>\n<meta property=\"og:image\" content=\"https:\/\/dtsopleidingen.nl\/wp-content\/uploads\/2025\/02\/photo-new.jpg\" \/>\n<meta name=\"twitter:card\" content=\"summary_large_image\" \/>\n<meta name=\"twitter:label1\" content=\"Timp estimat pentru citire\" \/>\n\t<meta name=\"twitter:data1\" content=\"1 minut\" \/>\n<script type=\"application\/ld+json\" class=\"yoast-schema-graph\">{\"@context\":\"https:\/\/schema.org\",\"@graph\":[{\"@type\":\"WebPage\",\"@id\":\"https:\/\/dtsopleidingen.nl\/over-ons\/\",\"url\":\"https:\/\/dtsopleidingen.nl\/over-ons\/\",\"name\":\"Over ons - dtsopleidingen.nl\",\"isPartOf\":{\"@id\":\"https:\/\/dtsopleidingen.nl\/#website\"},\"primaryImageOfPage\":{\"@id\":\"https:\/\/dtsopleidingen.nl\/over-ons\/#primaryimage\"},\"image\":{\"@id\":\"https:\/\/dtsopleidingen.nl\/over-ons\/#primaryimage\"},\"thumbnailUrl\":\"https:\/\/dtsopleidingen.nl\/wp-content\/uploads\/2025\/02\/photo-new.jpg\",\"datePublished\":\"2025-02-03T15:20:59+00:00\",\"dateModified\":\"2025-02-03T15:21:05+00:00\",\"description\":\"Ontdek DTSOpleidingen, d\u00e9 bron voor mode-inspiratie, stijltips en kledingtrends. Lees onze blogs en blijf stijlvol!\",\"breadcrumb\":{\"@id\":\"https:\/\/dtsopleidingen.nl\/over-ons\/#breadcrumb\"},\"inLanguage\":\"ro-RO\",\"potentialAction\":[{\"@type\":\"ReadAction\",\"target\":[\"https:\/\/dtsopleidingen.nl\/over-ons\/\"]}]},{\"@type\":\"ImageObject\",\"inLanguage\":\"ro-RO\",\"@id\":\"https:\/\/dtsopleidingen.nl\/over-ons\/#primaryimage\",\"url\":\"https:\/\/dtsopleidingen.nl\/wp-content\/uploads\/2025\/02\/photo-new.jpg\",\"contentUrl\":\"https:\/\/dtsopleidingen.nl\/wp-content\/uploads\/2025\/02\/photo-new.jpg\"},{\"@type\":\"BreadcrumbList\",\"@id\":\"https:\/\/dtsopleidingen.nl\/over-ons\/#breadcrumb\",\"itemListElement\":[{\"@type\":\"ListItem\",\"position\":1,\"name\":\"Home\",\"item\":\"https:\/\/dtsopleidingen.nl\/\"},{\"@type\":\"ListItem\",\"position\":2,\"name\":\"Over ons\"}]},{\"@type\":\"WebSite\",\"@id\":\"https:\/\/dtsopleidingen.nl\/#website\",\"url\":\"https:\/\/dtsopleidingen.nl\/\",\"name\":\"dtsopleidingen.nl\",\"description\":\"Ontdek de laatste mode-inzichten, kledingtrends en stijltips\",\"potentialAction\":[{\"@type\":\"SearchAction\",\"target\":{\"@type\":\"EntryPoint\",\"urlTemplate\":\"https:\/\/dtsopleidingen.nl\/?s={search_term_string}\"},\"query-input\":\"required name=search_term_string\"}],\"inLanguage\":\"ro-RO\"}]}<\/script>\n<!-- \/ Yoast SEO plugin. -->","yoast_head_json":{"title":"Over ons - dtsopleidingen.nl","description":"Ontdek DTSOpleidingen, d\u00e9 bron voor mode-inspiratie, stijltips en kledingtrends. Lees onze blogs en blijf stijlvol!","robots":{"index":"index","follow":"follow","max-snippet":"max-snippet:-1","max-image-preview":"max-image-preview:large","max-video-preview":"max-video-preview:-1"},"canonical":"https:\/\/dtsopleidingen.nl\/ro\/over-ons\/","og_locale":"ro_RO","og_type":"article","og_title":"Over ons - dtsopleidingen.nl","og_description":"Ontdek DTSOpleidingen, d\u00e9 bron voor mode-inspiratie, stijltips en kledingtrends. Lees onze blogs en blijf stijlvol!","og_url":"https:\/\/dtsopleidingen.nl\/ro\/over-ons\/","og_site_name":"dtsopleidingen.nl","article_modified_time":"2025-02-03T15:21:05+00:00","og_image":[{"url":"https:\/\/dtsopleidingen.nl\/wp-content\/uploads\/2025\/02\/photo-new.jpg"}],"twitter_card":"summary_large_image","twitter_misc":{"Timp estimat pentru citire":"1 minut"},"schema":{"@context":"https:\/\/schema.org","@graph":[{"@type":"WebPage","@id":"https:\/\/dtsopleidingen.nl\/over-ons\/","url":"https:\/\/dtsopleidingen.nl\/over-ons\/","name":"Over ons - dtsopleidingen.nl","isPartOf":{"@id":"https:\/\/dtsopleidingen.nl\/#website"},"primaryImageOfPage":{"@id":"https:\/\/dtsopleidingen.nl\/over-ons\/#primaryimage"},"image":{"@id":"https:\/\/dtsopleidingen.nl\/over-ons\/#primaryimage"},"thumbnailUrl":"https:\/\/dtsopleidingen.nl\/wp-content\/uploads\/2025\/02\/photo-new.jpg","datePublished":"2025-02-03T15:20:59+00:00","dateModified":"2025-02-03T15:21:05+00:00","description":"Ontdek DTSOpleidingen, d\u00e9 bron voor mode-inspiratie, stijltips en kledingtrends. Lees onze blogs en blijf stijlvol!","breadcrumb":{"@id":"https:\/\/dtsopleidingen.nl\/over-ons\/#breadcrumb"},"inLanguage":"ro-RO","potentialAction":[{"@type":"ReadAction","target":["https:\/\/dtsopleidingen.nl\/over-ons\/"]}]},{"@type":"ImageObject","inLanguage":"ro-RO","@id":"https:\/\/dtsopleidingen.nl\/over-ons\/#primaryimage","url":"https:\/\/dtsopleidingen.nl\/wp-content\/uploads\/2025\/02\/photo-new.jpg","contentUrl":"https:\/\/dtsopleidingen.nl\/wp-content\/uploads\/2025\/02\/photo-new.jpg"},{"@type":"BreadcrumbList","@id":"https:\/\/dtsopleidingen.nl\/over-ons\/#breadcrumb","itemListElement":[{"@type":"ListItem","position":1,"name":"Home","item":"https:\/\/dtsopleidingen.nl\/"},{"@type":"ListItem","position":2,"name":"Over ons"}]},{"@type":"WebSite","@id":"https:\/\/dtsopleidingen.nl\/#website","url":"https:\/\/dtsopleidingen.nl\/","name":"dtsopleidingen.nl","description":"Ontdek de laatste mode-inzichten, kledingtrends en stijltips","potentialAction":[{"@type":"SearchAction","target":{"@type":"EntryPoint","urlTemplate":"https:\/\/dtsopleidingen.nl\/?s={search_term_string}"},"query-input":"required name=search_term_string"}],"inLanguage":"ro-RO"}]}},"yoast_meta":{"yoast_wpseo_title":"","yoast_wpseo_metadesc":"","yoast_wpseo_canonical":"https:\/\/dtsopleidingen.nl\/ro\/wp-json\/wp\/v2\/pages\/41"},"_links":{"self":[{"href":"https:\/\/dtsopleidingen.nl\/ro\/wp-json\/wp\/v2\/pages\/41","targetHints":{"allow":["GET"]}}],"collection":[{"href":"https:\/\/dtsopleidingen.nl\/ro\/wp-json\/wp\/v2\/pages"}],"about":[{"href":"https:\/\/dtsopleidingen.nl\/ro\/wp-json\/wp\/v2\/types\/page"}],"author":[{"embeddable":true,"href":"https:\/\/dtsopleidingen.nl\/ro\/wp-json\/wp\/v2\/users\/1"}],"replies":[{"embeddable":true,"href":"https:\/\/dtsopleidingen.nl\/ro\/wp-json\/wp\/v2\/comments?post=41"}],"version-history":[{"count":1,"href":"https:\/\/dtsopleidingen.nl\/ro\/wp-json\/wp\/v2\/pages\/41\/revisions"}],"predecessor-version":[{"id":44,"href":"https:\/\/dtsopleidingen.nl\/ro\/wp-json\/wp\/v2\/pages\/41\/revisions\/44"}],"wp:attachment":[{"href":"https:\/\/dtsopleidingen.nl\/ro\/wp-json\/wp\/v2\/media?parent=41"}],"curies":[{"name":"wp","href":"https:\/\/api.w.org\/{rel}","templated":true}]}}