{"id":42,"date":"2025-02-03T15:22:11","date_gmt":"2025-02-03T15:22:11","guid":{"rendered":"https:\/\/dtsopleidingen.nl\/?page_id=42"},"modified":"2025-02-03T15:22:15","modified_gmt":"2025-02-03T15:22:15","slug":"contacts","status":"publish","type":"page","link":"https:\/\/dtsopleidingen.nl\/ro\/contacts\/","title":{"rendered":"Contacte"},"content":{"rendered":"<p>Bine a\u021bi venit la <strong>Cursuri de instruire DTS<\/strong>Apreciem interesul dumneavoastr\u0103 pentru articolele \u0219i produsele noastre \u0219i suntem aici pentru a v\u0103 ajuta. V\u0103 rug\u0103m s\u0103 ne contacta\u021bi folosind datele de mai jos sau s\u0103 ne trimite\u021bi un mesaj folosind formularul.<\/p>\n<h2>E-mail<\/h2>\n<p>Ave\u021bi \u00eentreb\u0103ri, comentarii sau sugestii? Trimite\u021bi-ne un e-mail la <a href=\"mailto:info@dtsopleidingen.nl\">info@dtsopleidingen.nl<\/a>Echipa noastr\u0103 va r\u0103spunde c\u00e2t mai cur\u00e2nd posibil.<\/p>\n<h2>Formular de feedback<\/h2>\n<p>Folose\u0219te formularul de mai jos pentru a ne contacta direct. Ne-ar pl\u0103cea s\u0103 auzim p\u0103rerea ta!<\/p>\n<form action=\"\/ro\/verzenden\/\" method=\"post\" data-trp-original-action=\"\/verzenden\">\n        <label for=\"naam\">Nume:<\/label><br \/>\n        <input type=\"text\" id=\"naam\" name=\"naam\" required><\/p>\n<p>        <label for=\"email\">Adresa de e-mail:<\/label><br \/>\n        <input type=\"email\" id=\"email\" name=\"email\" required><\/p>\n<p>        <label for=\"onderwerp\">Subiect:<\/label><br \/>\n        <input type=\"text\" id=\"onderwerp\" name=\"onderwerp\" required><\/p>\n<p>        <label for=\"bericht\">Mesaj:<\/label><br \/>\n        <textarea id=\"bericht\" name=\"bericht\" rows=\"5\" required><\/textarea><\/p>\n<p>        <button type=\"submit\">Trimite<\/button><br \/>\n    <input type=\"hidden\" name=\"trp-form-language\" value=\"ro\"\/><\/form>","protected":false},"excerpt":{"rendered":"<p>Bun venit la DTS Opleidingen. Apreciem interesul dumneavoastr\u0103 fa\u021b\u0103 de articolele \u0219i produsele noastre \u0219i suntem gata s\u0103 v\u0103 ajut\u0103m. Nu ezita\u021bi s\u0103 ne contacta\u021bi folosind informa\u021biile de mai jos sau s\u0103 ne trimite\u021bi un mesaj folosind formularul. E-mail: Ave\u021bi \u00eentreb\u0103ri, comentarii sau sugestii? Trimite\u021bi-ne un e-mail la info@dtsopleidingen.nl. Echipa noastr\u0103 v\u0103 va fi bucuroas\u0103 s\u0103 [\u2026]<\/p>","protected":false},"author":1,"featured_media":0,"parent":0,"menu_order":0,"comment_status":"closed","ping_status":"closed","template":"","meta":{"_acf_changed":false,"footnotes":""},"class_list":["post-42","page","type-page","status-publish","hentry"],"acf":[],"yoast_head":"<!-- This site is optimized with the Yoast SEO plugin v23.2 - https:\/\/yoast.com\/wordpress\/plugins\/seo\/ -->\n<title>Contacts - dtsopleidingen.nl<\/title>\n<meta name=\"robots\" content=\"index, follow, max-snippet:-1, max-image-preview:large, max-video-preview:-1\" \/>\n<link rel=\"canonical\" href=\"https:\/\/dtsopleidingen.nl\/ro\/contacts\/\" \/>\n<meta property=\"og:locale\" content=\"ro_RO\" \/>\n<meta property=\"og:type\" content=\"article\" \/>\n<meta property=\"og:title\" content=\"Contacts - dtsopleidingen.nl\" \/>\n<meta property=\"og:description\" content=\"Welkom bij DTS Opleidingen. Wij waarderen jouw interesse in onze artikelen en producten en staan klaar om je te helpen. Neem gerust contact met ons op via de onderstaande gegevens of stuur ons een bericht via het formulier. E-mail Heb je vragen, opmerkingen of suggesties? Stuur ons een e-mail via info@dtsopleidingen.nl. Ons team zal zo [&hellip;]\" \/>\n<meta property=\"og:url\" content=\"https:\/\/dtsopleidingen.nl\/ro\/contacts\/\" \/>\n<meta property=\"og:site_name\" content=\"dtsopleidingen.nl\" \/>\n<meta property=\"article:modified_time\" content=\"2025-02-03T15:22:15+00:00\" \/>\n<meta name=\"twitter:card\" content=\"summary_large_image\" \/>\n<meta name=\"twitter:label1\" content=\"Timp estimat pentru citire\" \/>\n\t<meta name=\"twitter:data1\" content=\"1 minut\" \/>\n<script type=\"application\/ld+json\" class=\"yoast-schema-graph\">{\"@context\":\"https:\/\/schema.org\",\"@graph\":[{\"@type\":\"WebPage\",\"@id\":\"https:\/\/dtsopleidingen.nl\/contacts\/\",\"url\":\"https:\/\/dtsopleidingen.nl\/contacts\/\",\"name\":\"Contacts - dtsopleidingen.nl\",\"isPartOf\":{\"@id\":\"https:\/\/dtsopleidingen.nl\/#website\"},\"datePublished\":\"2025-02-03T15:22:11+00:00\",\"dateModified\":\"2025-02-03T15:22:15+00:00\",\"breadcrumb\":{\"@id\":\"https:\/\/dtsopleidingen.nl\/contacts\/#breadcrumb\"},\"inLanguage\":\"ro-RO\",\"potentialAction\":[{\"@type\":\"ReadAction\",\"target\":[\"https:\/\/dtsopleidingen.nl\/contacts\/\"]}]},{\"@type\":\"BreadcrumbList\",\"@id\":\"https:\/\/dtsopleidingen.nl\/contacts\/#breadcrumb\",\"itemListElement\":[{\"@type\":\"ListItem\",\"position\":1,\"name\":\"Home\",\"item\":\"https:\/\/dtsopleidingen.nl\/\"},{\"@type\":\"ListItem\",\"position\":2,\"name\":\"Contacts\"}]},{\"@type\":\"WebSite\",\"@id\":\"https:\/\/dtsopleidingen.nl\/#website\",\"url\":\"https:\/\/dtsopleidingen.nl\/\",\"name\":\"dtsopleidingen.nl\",\"description\":\"Ontdek de laatste mode-inzichten, kledingtrends en stijltips\",\"potentialAction\":[{\"@type\":\"SearchAction\",\"target\":{\"@type\":\"EntryPoint\",\"urlTemplate\":\"https:\/\/dtsopleidingen.nl\/?s={search_term_string}\"},\"query-input\":\"required name=search_term_string\"}],\"inLanguage\":\"ro-RO\"}]}<\/script>\n<!-- \/ Yoast SEO plugin. -->","yoast_head_json":{"title":"Contacts - dtsopleidingen.nl","robots":{"index":"index","follow":"follow","max-snippet":"max-snippet:-1","max-image-preview":"max-image-preview:large","max-video-preview":"max-video-preview:-1"},"canonical":"https:\/\/dtsopleidingen.nl\/ro\/contacts\/","og_locale":"ro_RO","og_type":"article","og_title":"Contacts - dtsopleidingen.nl","og_description":"Welkom bij DTS Opleidingen. Wij waarderen jouw interesse in onze artikelen en producten en staan klaar om je te helpen. Neem gerust contact met ons op via de onderstaande gegevens of stuur ons een bericht via het formulier. E-mail Heb je vragen, opmerkingen of suggesties? Stuur ons een e-mail via info@dtsopleidingen.nl. Ons team zal zo [&hellip;]","og_url":"https:\/\/dtsopleidingen.nl\/ro\/contacts\/","og_site_name":"dtsopleidingen.nl","article_modified_time":"2025-02-03T15:22:15+00:00","twitter_card":"summary_large_image","twitter_misc":{"Timp estimat pentru citire":"1 minut"},"schema":{"@context":"https:\/\/schema.org","@graph":[{"@type":"WebPage","@id":"https:\/\/dtsopleidingen.nl\/contacts\/","url":"https:\/\/dtsopleidingen.nl\/contacts\/","name":"Contacts - dtsopleidingen.nl","isPartOf":{"@id":"https:\/\/dtsopleidingen.nl\/#website"},"datePublished":"2025-02-03T15:22:11+00:00","dateModified":"2025-02-03T15:22:15+00:00","breadcrumb":{"@id":"https:\/\/dtsopleidingen.nl\/contacts\/#breadcrumb"},"inLanguage":"ro-RO","potentialAction":[{"@type":"ReadAction","target":["https:\/\/dtsopleidingen.nl\/contacts\/"]}]},{"@type":"BreadcrumbList","@id":"https:\/\/dtsopleidingen.nl\/contacts\/#breadcrumb","itemListElement":[{"@type":"ListItem","position":1,"name":"Home","item":"https:\/\/dtsopleidingen.nl\/"},{"@type":"ListItem","position":2,"name":"Contacts"}]},{"@type":"WebSite","@id":"https:\/\/dtsopleidingen.nl\/#website","url":"https:\/\/dtsopleidingen.nl\/","name":"dtsopleidingen.nl","description":"Ontdek de laatste mode-inzichten, kledingtrends en stijltips","potentialAction":[{"@type":"SearchAction","target":{"@type":"EntryPoint","urlTemplate":"https:\/\/dtsopleidingen.nl\/?s={search_term_string}"},"query-input":"required name=search_term_string"}],"inLanguage":"ro-RO"}]}},"yoast_meta":{"yoast_wpseo_title":"","yoast_wpseo_metadesc":"","yoast_wpseo_canonical":"https:\/\/dtsopleidingen.nl\/ro\/wp-json\/wp\/v2\/pages\/42"},"_links":{"self":[{"href":"https:\/\/dtsopleidingen.nl\/ro\/wp-json\/wp\/v2\/pages\/42","targetHints":{"allow":["GET"]}}],"collection":[{"href":"https:\/\/dtsopleidingen.nl\/ro\/wp-json\/wp\/v2\/pages"}],"about":[{"href":"https:\/\/dtsopleidingen.nl\/ro\/wp-json\/wp\/v2\/types\/page"}],"author":[{"embeddable":true,"href":"https:\/\/dtsopleidingen.nl\/ro\/wp-json\/wp\/v2\/users\/1"}],"replies":[{"embeddable":true,"href":"https:\/\/dtsopleidingen.nl\/ro\/wp-json\/wp\/v2\/comments?post=42"}],"version-history":[{"count":1,"href":"https:\/\/dtsopleidingen.nl\/ro\/wp-json\/wp\/v2\/pages\/42\/revisions"}],"predecessor-version":[{"id":45,"href":"https:\/\/dtsopleidingen.nl\/ro\/wp-json\/wp\/v2\/pages\/42\/revisions\/45"}],"wp:attachment":[{"href":"https:\/\/dtsopleidingen.nl\/ro\/wp-json\/wp\/v2\/media?parent=42"}],"curies":[{"name":"wp","href":"https:\/\/api.w.org\/{rel}","templated":true}]}}